{"id":167,"date":"2025-11-20T17:48:41","date_gmt":"2025-11-20T17:48:41","guid":{"rendered":"https:\/\/www.facades90.fr\/?page_id=167"},"modified":"2025-12-19T13:54:10","modified_gmt":"2025-12-19T13:54:10","slug":"qui-sommes-nous","status":"publish","type":"page","link":"https:\/\/www.facades90.fr\/index.php\/qui-sommes-nous\/","title":{"rendered":"Qui sommes- nous ?"},"content":{"rendered":"<div data-colibri-id=\"167-c1\" class=\"style-368 style-local-167-c1 position-relative\">\n  <!---->\n  <div data-colibri-component=\"section\" data-colibri-id=\"167-c2\" id=\"content\" class=\"h-section h-section-global-spacing d-flex align-items-lg-center align-items-md-center align-items-center style-397 style-local-167-c2 position-relative\">\n    <!---->\n    <!---->\n    <div class=\"h-section-grid-container h-section-fluid-container\">\n      <!---->\n      <div data-colibri-id=\"167-c3\" class=\"h-row-container gutters-row-lg-0 gutters-row-md-0 gutters-row-0 gutters-row-v-lg-0 gutters-row-v-md-0 gutters-row-v-0 style-398 style-local-167-c3 position-relative\">\n        <!---->\n        <div class=\"h-row justify-content-lg-center justify-content-md-center justify-content-center align-items-lg-stretch align-items-md-stretch align-items-stretch gutters-col-lg-0 gutters-col-md-0 gutters-col-0 gutters-col-v-lg-0 gutters-col-v-md-0 gutters-col-v-0\">\n          <!---->\n          <div class=\"h-column h-column-container d-flex h-col-lg-6 h-col-md-6 h-col-12 style-399-outer style-local-167-c4-outer\">\n            <div data-colibri-id=\"167-c4\" class=\"d-flex h-flex-basis h-column__inner h-px-lg-0 h-px-md-0 h-px-0 v-inner-lg-0 v-inner-md-0 v-inner-0 style-399 style-local-167-c4 position-relative\">\n              <!---->\n              <!---->\n              <div class=\"w-100 h-y-container h-column__content h-column__v-align flex-basis-100 align-self-lg-start align-self-md-start align-self-start\">\n                <!---->\n                <div data-colibri-id=\"167-c5\" class=\"h-text h-text-component style-402 style-local-167-c5 position-relative h-element\">\n                  <!---->\n                  <!---->\n                  <div class=\"\">\n                    <p>Fa\u00e7ades 90 est une entreprise sp\u00e9cialis\u00e9e dans l\u2019isolation ext\u00e9rieure, le ravalement de fa\u00e7ade, le cr\u00e9pissage et les travaux de r\u00e9novation. Nous intervenons aupr\u00e8s des particuliers et des professionnels pour offrir des solutions durables,\n                      esth\u00e9tiques et adapt\u00e9es \u00e0 chaque projet.<\/p>\n                    <p>Gr\u00e2ce \u00e0 notre expertise et \u00e0 l\u2019utilisation de mat\u00e9riaux de qualit\u00e9, nous garantissons un travail soign\u00e9, un accompagnement personnalis\u00e9 et un r\u00e9sultat \u00e0 la hauteur de&nbsp;vos&nbsp;attentes.<\/p>\n                  <\/div>\n                <\/div>\n                <div data-colibri-id=\"167-c6\" class=\"h-row-container gutters-row-lg-2 gutters-row-md-2 gutters-row-0 gutters-row-v-lg-2 gutters-row-v-md-2 gutters-row-v-0 style-403 style-local-167-c6 position-relative\">\n                  <!---->\n                  <div class=\"h-row justify-content-lg-center justify-content-md-center justify-content-center align-items-lg-stretch align-items-md-stretch align-items-stretch gutters-col-lg-2 gutters-col-md-2 gutters-col-0 gutters-col-v-lg-2 gutters-col-v-md-2 gutters-col-v-0\">\n                    <!---->\n                    <div class=\"h-column h-column-container d-flex h-col-lg-6 h-col-md-6 h-col-6 style-404-outer style-local-167-c7-outer\">\n                      <div data-colibri-id=\"167-c7\" class=\"d-flex h-flex-basis h-column__inner h-px-lg-0 h-px-md-0 h-px-0 v-inner-lg-0 v-inner-md-0 v-inner-0 style-404 style-local-167-c7 position-relative\">\n                        <!---->\n                        <!---->\n                        <div class=\"w-100 h-y-container h-column__content h-column__v-align flex-basis-100 align-self-lg-start align-self-md-start align-self-start\">\n                          <!---->\n                          <div data-colibri-id=\"167-c8\" class=\"h-global-transition-all h-heading style-405 style-local-167-c8 position-relative h-element\">\n                            <!---->\n                            <div class=\"h-heading__outer style-405 style-local-167-c8\">\n                              <!---->\n                              <!---->\n                              <h6 class=\"\">Expertise certifi\u00e9e<\/h6>\n                            <\/div>\n                          <\/div>\n                          <div data-colibri-id=\"167-c9\" class=\"h-text h-text-component style-406 style-local-167-c9 position-relative h-element\">\n                            <!---->\n                            <!---->\n                            <div class=\"\">\n                              <p>Des ann\u00e9es d\u2019exp\u00e9rience dans l\u2019isolation ext\u00e9rieure et la r\u00e9novation de fa\u00e7ade, avec des r\u00e9sultats durables.<\/p>\n                              <p>\n                                <br>\n                              <\/p>\n                            <\/div>\n                          <\/div>\n                        <\/div>\n                      <\/div>\n                    <\/div>\n                    <div class=\"h-column h-column-container d-flex h-col-lg-6 h-col-md-6 h-col-6 style-404-outer style-local-167-c10-outer\">\n                      <div data-colibri-id=\"167-c10\" class=\"d-flex h-flex-basis h-column__inner h-px-lg-0 h-px-md-0 h-px-0 v-inner-lg-0 v-inner-md-0 v-inner-0 style-404 style-local-167-c10 position-relative\">\n                        <!---->\n                        <!---->\n                        <div class=\"w-100 h-y-container h-column__content h-column__v-align flex-basis-100 align-self-lg-start align-self-md-start align-self-start\">\n                          <!---->\n                          <div data-colibri-id=\"167-c11\" class=\"h-global-transition-all h-heading style-405 style-local-167-c11 position-relative h-element\">\n                            <!---->\n                            <div class=\"h-heading__outer style-405 style-local-167-c11\">\n                              <!---->\n                              <!---->\n                              <h6 class=\"\">Mat\u00e9riaux de qualit\u00e9<\/h6>\n                            <\/div>\n                          <\/div>\n                          <div data-colibri-id=\"167-c12\" class=\"h-text h-text-component style-406 style-local-167-c12 position-relative h-element\">\n                            <!---->\n                            <!---->\n                            <div class=\"\">\n                              <p>Nous utilisons des produits professionnels pour garantir une isolation performante et une finition impeccable.<\/p>\n                              <p>\n                                <br>\n                              <\/p>\n                            <\/div>\n                          <\/div>\n                        <\/div>\n                      <\/div>\n                    <\/div>\n                    <div class=\"h-column h-column-container d-flex h-col-lg-6 h-col-md-6 h-col-6 style-404-outer style-local-167-c13-outer\">\n                      <div data-colibri-id=\"167-c13\" class=\"d-flex h-flex-basis h-column__inner h-px-lg-0 h-px-md-0 h-px-0 v-inner-lg-0 v-inner-md-0 v-inner-0 style-404 style-local-167-c13 position-relative\">\n                        <!---->\n                        <!---->\n                        <div class=\"w-100 h-y-container h-column__content h-column__v-align flex-basis-100 align-self-lg-start align-self-md-start align-self-start\">\n                          <!---->\n                          <div data-colibri-id=\"167-c14\" class=\"h-global-transition-all h-heading style-405 style-local-167-c14 position-relative h-element\">\n                            <!---->\n                            <div class=\"h-heading__outer style-405 style-local-167-c14\">\n                              <!---->\n                              <!---->\n                              <h6 class=\"\">Accompagnement complet<\/h6>\n                            <\/div>\n                          <\/div>\n                          <div data-colibri-id=\"167-c15\" class=\"h-text h-text-component style-406 style-local-167-c15 position-relative h-element\">\n                            <!---->\n                            <!---->\n                            <div class=\"\">\n                              <p>Du diagnostic au suivi du chantier, nous vous guidons \u00e0 chaque \u00e9tape pour un projet simple et ma\u00eetris\u00e9.<\/p>\n                              <p>\n                                <br>\n                              <\/p>\n                            <\/div>\n                          <\/div>\n                        <\/div>\n                      <\/div>\n                    <\/div>\n                    <div class=\"h-column h-column-container d-flex h-col-lg-6 h-col-md-6 h-col-6 style-404-outer style-local-167-c16-outer\">\n                      <div data-colibri-id=\"167-c16\" class=\"d-flex h-flex-basis h-column__inner h-px-lg-0 h-px-md-0 h-px-0 v-inner-lg-0 v-inner-md-0 v-inner-0 style-404 style-local-167-c16 position-relative\">\n                        <!---->\n                        <!---->\n                        <div class=\"w-100 h-y-container h-column__content h-column__v-align flex-basis-100 align-self-lg-start align-self-md-start align-self-start\">\n                          <!---->\n                          <div data-colibri-id=\"167-c17\" class=\"h-global-transition-all h-heading style-405 style-local-167-c17 position-relative h-element\">\n                            <!---->\n                            <div class=\"h-heading__outer style-405 style-local-167-c17\">\n                              <!---->\n                              <!---->\n                              <h6 class=\"\">Respect des d\u00e9lais<\/h6>\n                            <\/div>\n                          <\/div>\n                          <div data-colibri-id=\"167-c18\" class=\"h-text h-text-component style-406 style-local-167-c18 position-relative h-element\">\n                            <!---->\n                            <!---->\n                            <div class=\"\">\n                              <p>Nous planifions et r\u00e9alisons vos travaux dans les d\u00e9lais annonc\u00e9s, avec une organisation s\u00e9rieuse&nbsp;et&nbsp;efficace.<\/p>\n                            <\/div>\n                          <\/div>\n                        <\/div>\n                      <\/div>\n                    <\/div>\n                  <\/div>\n                <\/div>\n              <\/div>\n            <\/div>\n          <\/div>\n          <div class=\"h-column h-column-container d-flex h-col-lg-6 h-col-md-6 h-col-12 style-407-outer style-local-167-c19-outer\">\n            <div data-colibri-id=\"167-c19\" class=\"d-flex h-flex-basis h-column__inner h-ui-empty-state-container h-px-lg-0 h-px-md-0 h-px-0 v-inner-lg-0 v-inner-md-0 v-inner-0 style-407 style-local-167-c19 position-relative\">\n              <!---->\n              <!---->\n              <div class=\"w-100 h-y-container h-column__content h-column__v-align flex-basis-100\">\n                <!---->\n              <\/div>\n            <\/div>\n          <\/div>\n        <\/div>\n      <\/div>\n    <\/div>\n  <\/div>\n<\/div>","protected":false},"excerpt":{"rendered":"<p>Fa\u00e7ades 90 est une entreprise sp\u00e9cialis\u00e9e dans l\u2019isolation ext\u00e9rieure, le ravalement de fa\u00e7ade, [&hellip;]<\/p>\n","protected":false},"author":1,"featured_media":0,"parent":0,"menu_order":0,"comment_status":"closed","ping_status":"closed","template":"page-templates\/full-width-page.php","meta":{"footnotes":""},"class_list":["post-167","page","type-page","status-publish","hentry"],"_links":{"self":[{"href":"https:\/\/www.facades90.fr\/index.php\/wp-json\/wp\/v2\/pages\/167","targetHints":{"allow":["GET"]}}],"collection":[{"href":"https:\/\/www.facades90.fr\/index.php\/wp-json\/wp\/v2\/pages"}],"about":[{"href":"https:\/\/www.facades90.fr\/index.php\/wp-json\/wp\/v2\/types\/page"}],"author":[{"embeddable":true,"href":"https:\/\/www.facades90.fr\/index.php\/wp-json\/wp\/v2\/users\/1"}],"replies":[{"embeddable":true,"href":"https:\/\/www.facades90.fr\/index.php\/wp-json\/wp\/v2\/comments?post=167"}],"version-history":[{"count":4,"href":"https:\/\/www.facades90.fr\/index.php\/wp-json\/wp\/v2\/pages\/167\/revisions"}],"predecessor-version":[{"id":309,"href":"https:\/\/www.facades90.fr\/index.php\/wp-json\/wp\/v2\/pages\/167\/revisions\/309"}],"wp:attachment":[{"href":"https:\/\/www.facades90.fr\/index.php\/wp-json\/wp\/v2\/media?parent=167"}],"curies":[{"name":"wp","href":"https:\/\/api.w.org\/{rel}","templated":true}]}}